{"id":557,"date":"2016-11-03T14:47:42","date_gmt":"2016-11-03T13:47:42","guid":{"rendered":"http:\/\/www.lacasadellequerce.it\/it\/?page_id=557"},"modified":"2026-01-05T10:03:06","modified_gmt":"2026-01-05T09:03:06","slug":"prezzi","status":"publish","type":"page","link":"https:\/\/www.lacasadellequerce.it\/de\/service-preisliste.html","title":{"rendered":"Preise"},"content":{"rendered":"<p>[vc_row][vc_column][vc_raw_html]JTNDZGl2JTIwY2xhc3MlM0QlMjJzZWMtdGl0bGUlMjIlM0UlMEElMjAlMjAlMjAlMjAlMjAlMjAlMjAlMjAlMjAlMjAlMjAlMjAlMjAlMjAlMjAlMjAlM0NoMiUzRVByZWlzZSUzQ3NwYW4lMjBjbGFzcyUzRCUyMnRoZW1lX2NvbG9yJTIyJTNFJTIwJTNDJTJGc3BhbiUzRSUzQyUyRmgyJTNFJTBBJTIwJTIwJTIwJTIwJTIwJTIwJTIwJTIwJTIwJTIwJTIwJTIwJTIwJTIwJTIwJTIwJTNDZGl2JTIwY2xhc3MlM0QlMjJzZXBhcmF0b3IlMjBzbWFsbC1zZXBhcmF0b3IlMjIlM0UlM0MlMkZkaXYlM0UlMEElMjAlMjAlMjAlMjAlMjAlMjAlMjAlMjAlMjAlMjAlMjAlMjAlM0MlMkZkaXYlM0U=[\/vc_raw_html][\/vc_column][\/vc_row][vc_row][vc_column][vc_column_text]<\/p>\n<div id=\"testo\">\n<h4>Preise Nach Saison 2026 &#8211; Nachstehende Preise verstehen sich pro Wohnung inkl. MWSt<\/h4>\n<h5>Preise pro Woche<\/h5>\n<div class=\"prezzi\">\n<div class=\"riga\">\n<div class=\"colonna0\"><b>Wohnungstyp<\/b><\/div>\n<div class=\"colonna\">\n<p>Nebensaison<br \/>\n12\/01 \u2013 30\/04<br \/>\n01\/10 \u2013 03\/12<\/p>\n<\/div>\n<div class=\"colonna\">\n<p>Zwischensaison<br \/>\n01\/05 \u2013 30\/06<br \/>\n01\/09 \u2013 30\/09<\/p>\n<\/div>\n<div class=\"colonna\">\n<p>Hochsaison<br \/>\n01\/07 \u2013 31\/08<\/p>\n<\/div>\n<\/div>\n<div class=\"riga\">\n<h6>1-Raum-Wohnung<\/h6>\n<ul>\n<li>\u20ac 630<\/li>\n<li>\u20ac 700<\/li>\n<li>\u20ac 805<\/li>\n<\/ul>\n<\/div>\n<div class=\"riga\">\n<h6>2-Raum-Wohnung<\/h6>\n<ul>\n<li>\u20ac 770<\/li>\n<li>\u20ac 910<\/li>\n<li>\u20ac 1.050<\/li>\n<\/ul>\n<\/div>\n<div class=\"riga\">\n<h6>3-Raum-Wohnung<br \/>\n(45 qm)<\/h6>\n<ul>\n<li>\u20ac 840<\/li>\n<li>\u20ac 980<\/li>\n<li>\u20ac 1.120<\/li>\n<\/ul>\n<\/div>\n<div class=\"riga\">\n<h6>3-Raum-Wohnung<br \/>\n(60 qm)<\/h6>\n<ul>\n<li>\u20ac 980<\/li>\n<li>\u20ac 1.120<\/li>\n<li>\u20ac 1.260<\/li>\n<\/ul>\n<\/div>\n<div class=\"riga\">\n<h6>Policiano Suite<\/h6>\n<ul>\n<li>\u20ac 1.330<\/li>\n<li>\u20ac 1.540<\/li>\n<li>\u20ac 1.750<\/li>\n<\/ul>\n<\/div>\n<\/div>\n<h5 class=\"next\">Preise pro Tag<\/h5>\n<div class=\"prezzi\">\n<div class=\"riga\">\n<h6>1-Raum-Wohnung<\/h6>\n<ul>\n<li>\u20ac 90<\/li>\n<li>\u20ac 100<\/li>\n<li>\u20ac 115<\/li>\n<\/ul>\n<\/div>\n<div class=\"riga\">\n<h6>2-Raum-Wohnung<\/h6>\n<ul>\n<li>\u20ac 110<\/li>\n<li>\u20ac 130<\/li>\n<li>\u20ac 150<\/li>\n<\/ul>\n<\/div>\n<div class=\"riga\">\n<h6>3-Raum-Wohnung<br \/>\n(45 qm)<\/h6>\n<ul>\n<li>\u20ac 120<\/li>\n<li>\u20ac 140<\/li>\n<li>\u20ac 160<\/li>\n<\/ul>\n<\/div>\n<div class=\"riga\">\n<h6>3-Raum-Wohnung<br \/>\n(60 qm)<\/h6>\n<ul>\n<li>\u20ac 140<\/li>\n<li>\u20ac 160<\/li>\n<li>\u20ac 180<\/li>\n<\/ul>\n<\/div>\n<div class=\"riga\">\n<h6>Policiano Suite<\/h6>\n<ul>\n<li>\u20ac 190<\/li>\n<li>\u20ac 220<\/li>\n<li>\u20ac 250<\/li>\n<\/ul>\n<\/div>\n<\/div>\n<div class=\"prezzi-2011\">\n<div class=\"riga3\">\n<div class=\"colonna-0\"><b>Angebote<\/b> ***<\/div>\n<div class=\"colonna-1\">\n<p>NEBENSAISON<\/p>\n<\/div>\n<div class=\"colonna-2\">\n<p>&#8211; <b>12% Erm\u00e4\u00dfigung<\/b> f\u00fcr Buchungen, Minimum 7 N\u00e4chte<\/p>\n<\/div>\n<\/div>\n<div class=\"riga3\">\n<div class=\"colonna-0\"><\/div>\n<div class=\"colonna-1\">\n<p>ZWISCHENSAISON<\/p>\n<\/div>\n<div class=\"colonna-2\">\n<p>&#8211; <b>12% Erm\u00e4\u00dfigung<\/b> f\u00fcr Buchungen, Minimum 7 Nachte<\/p>\n<\/div>\n<\/div>\n<div class=\"riga3\">\n<div class=\"colonna-0\"><\/div>\n<div class=\"colonna-1\">\n<p>HOCHSAISON<\/p>\n<\/div>\n<div class=\"colonna-2\">\n<p>&#8211; <b>12% Erm\u00e4\u00dfigung<\/b> bei einem Mindestaufenthalt von 7 N\u00e4chten vor dem 31. Mai 2026 best\u00e4tigt<\/p>\n<\/div>\n<\/div>\n<p class=\"promo2\">*** <b><i>Gesamtzahlung bei der Buchung nicht zur\u00fcckerstattet<\/i><\/b><\/p>\n<\/div>\n<h4 class=\"next\"><a id=\"feiertage-de\" name=\"feiertage-de\"><\/a> Paket Feiertage 2026 \u2013 Preise pro Wohnungstyp Tax included (Preise pro Tag)<\/h4>\n<div class=\"prezzi-bank\">\n<div class=\"riga\">\n<div class=\"colonna-4\"><b>Wohnungstyp<\/b><\/div>\n<div class=\"colonna-3\">\n<p><b>Dreik\u00f6nigsfest<\/b><br \/>\n03\/01 \u2013 11\/01<\/p>\n<\/div>\n<div class=\"colonna-3\">\n<p><b>Ostern<\/b><br \/>\n03\/04 \u2013 06\/04<\/p>\n<\/div>\n<div class=\"colonna-3\">\n<p><b>25 April<br \/>\n<\/b><br \/>\n24\/04 \u2013 26\/04<\/p>\n<\/div>\n<div class=\"colonna-3\">\n<p><b>1 November<br \/>\n<\/b><br \/>\n30\/10 \u2013 01\/11<\/p>\n<\/div>\n<div class=\"colonna-3\">\n<p><b>Dezember<\/b><br \/>\n04\/11 \u2013 28\/12<\/p>\n<\/div>\n<div class=\"colonna-3\">\n<p><b>Neujahr<\/b><br \/>\n29\/12 \u2013 02\/01<\/p>\n<\/div>\n<\/div>\n<div class=\"riga4\">\n<h6>1-Raum-Wohnung<\/h6>\n<ul>\n<li>\u20ac 95<\/li>\n<li>\u20ac 115<\/li>\n<li>\u20ac 100<\/li>\n<li>\u20ac 100<\/li>\n<li>\u20ac 100<\/li>\n<li>\u20ac 115<\/li>\n<\/ul>\n<\/div>\n<div class=\"riga4\">\n<h6>2-Raum-Wohnung<\/h6>\n<ul>\n<li>\u20ac 120<\/li>\n<li>\u20ac 150<\/li>\n<li>\u20ac 130<\/li>\n<li>\u20ac 130<\/li>\n<li>\u20ac 130<\/li>\n<li>\u20ac 150<\/li>\n<\/ul>\n<\/div>\n<div class=\"riga4\">\n<h6>3-Raum-Wohnung<br \/>\n(45 qm)<\/h6>\n<ul>\n<li>\u20ac 130<\/li>\n<li>\u20ac 160<\/li>\n<li>\u20ac 140<\/li>\n<li>\u20ac 140<\/li>\n<li>\u20ac 140<\/li>\n<li>\u20ac 160<\/li>\n<\/ul>\n<\/div>\n<div class=\"riga4\">\n<h6>3-Raum-Wohnung<br \/>\n(60 qm)<\/h6>\n<ul>\n<li>\u20ac 160<\/li>\n<li>\u20ac 180<\/li>\n<li>\u20ac 160<\/li>\n<li>\u20ac 160<\/li>\n<li>\u20ac 160<\/li>\n<li>\u20ac 180<\/li>\n<\/ul>\n<\/div>\n<div class=\"riga4\">\n<h6>Policiano Suite<\/h6>\n<ul>\n<li>\u20ac 220<\/li>\n<li>\u20ac 250<\/li>\n<li>\u20ac 220<\/li>\n<li>\u20ac 220<\/li>\n<li>\u20ac 220<\/li>\n<li>\u20ac 250<\/li>\n<\/ul>\n<\/div>\n<div class=\"riga4\">\n<h6>Mind, Nachte<\/h6>\n<ul>\n<li>3<\/li>\n<li>3<\/li>\n<li>2<\/li>\n<li>2<\/li>\n<li>2\/3<\/li>\n<li>3<\/li>\n<\/ul>\n<\/div>\n<\/div>\n<h4 class=\"next\">Im Mietpreis Enthalten<\/h4>\n<div>\n<div class=\"col-sx\">\n<ul>\n<li>24 Stunden Hilfe &#8211; (der Besitzer wohnt in)<\/li>\n<li>Gesprochene Sprachen: Englisch, Spanisch<\/li>\n<li>Alle g\u00e4ngigen Kreditkarten werden akzeptiert<\/li>\n<li>Wlan-Internetverbindung<\/li>\n<li>Bettbez\u00fcge und Handt\u00fccher werden w\u00f6chentlich gewechselt<\/li>\n<li>warmes Wasser, Strom, Gas<\/li>\n<li>Farbfernseher mit nationalen Sendern und Satellitenkan\u00e4len<\/li>\n<li>Klimaanlage (in der 2-Raum-Wohnung, 3-Raum-Wohnung (45 qm), 3-Raum-Wohnung (60 qm), Policiano-Suite)<\/li>\n<li>Heizung<\/li>\n<li>Geschirrsp\u00fcler (Policiano Suite)<\/li>\n<\/ul>\n<\/div>\n<div class=\"col-dx\">\n<ul>\n<li>Benutzung des Pools (m 16&#215;8) (von 1. Mai bis 30. September)<\/li>\n<li>Benutzung der Austattung im Park: Liegest\u00fchle, St\u00fchle, Tische, externe Dusche, Grillger\u00e4t, Backofen<\/li>\n<li>Benutzung vom Waschraum (Handw\u00e4sche)<\/li>\n<li>Benutzung von B\u00fcgelbrett und \u2013eisen<\/li>\n<li>Externer PKW-Abstellplatz<\/li>\n<li>Endreinigung<\/li>\n<\/ul>\n<\/div>\n<\/div>\n<h4 class=\"next\">Nicht im Mietpreis Enthalten<\/h4>\n<div>\n<div class=\"col-sx\">\n<ul>\n<li>Kurtaxe der Stadt Montepulciano (2 Euro pro Person pro Nacht &#8211; Kinder bis 12 Jahre ausgeschlossen)<\/li>\n<li>Laden von Elektroautos: 0,60 \u20ac\/kW\/Stunde<\/li>\n<li>3-Raum-Wohnung (60 qm) 5 Personen 15 \u20ac pro Nacht<\/li>\n<li>Policiano Suite 5 und 6 Personen jeweils 15 \u20ac pro Nacht<\/li>\n<li>Benutzung des Telefons mit elektronisch ermittelter Sprechdauer<\/li>\n<\/ul>\n<\/div>\n<div class=\"col-dx\">\n<ul>\n<li>Benutzung der Waschmaschine (\u20ac 4 pro W\u00e4sche)<\/li>\n<li>Kleine Haustiere (\u20ac 20 pro Aufenthalt)<\/li>\n<li>B\u00e4ckerdienst: von Mai bis Oktober k\u00f6nnen jeden Morgen Brot, Croissants und Fladen zugestellt werden<\/li>\n<\/ul>\n<\/div>\n<\/div>\n<h4 class=\"next\">Serviceleistungen<\/h4>\n<div>\n<div class=\"col-sx\">\n<ul>\n<li>Der Besitzer wohnt im Haus und kann bei Bedarf jederzeit gerufen werden<\/li>\n<li>Man spricht Englisch und Spanisch<\/li>\n<\/ul>\n<\/div>\n<div class=\"col-dx\">\n<ul>\n<li>Meistbenutzte Kreditkarten werden angenommen<\/li>\n<\/ul>\n<\/div>\n<\/div>\n<h4 class=\"next\">Achtung<\/h4>\n<div>\n<div class=\"col-sx\">\n<ul>\n<li>Es m\u00fcssen \u20ac 150 Kaution bzw. eine Kreditkartennummer hinterlegt werden. Die Kaution wird am Abreisetag bei beanstandungsloser R\u00fcckgabe der Wohnung r\u00fcckerstattet<\/li>\n<\/ul>\n<\/div>\n<div class=\"col-dx\">\n<ul>\n<li>Einchecken: von 16:00 Uhr bis 20:00 Uhr. Bitte Anreise au\u00dferhalb dieser Zeiten melden<\/li>\n<li>Auschecken: bis 10:00 Uhr<\/li>\n<\/ul>\n<\/div>\n<\/div>\n<h4 class=\"next\">Buchung \/ Stornierungsbedingungen<\/h4>\n<div>\n<div class=\"col-sx\">\n<h4 style=\"margin-top: 15px;\">Normalsatz<\/h4>\n<div style=\"clear: both;\"><\/div>\n<ul>\n<li>Anzahlung von 30% bei der Buchung zur\u00fcckerstattet im Falle einer Stornierung bis 20 Tage vor Anreise<\/li>\n<li>Balance beim Check-out<\/li>\n<\/ul>\n<\/div>\n<div class=\"col-dx\">\n<h4 style=\"margin-top: 15px;\">Nicht erstattungsf\u00e4hige Rate<\/h4>\n<div style=\"clear: both;\"><\/div>\n<ul>\n<li>Gesamtbetrag bei der Buchung nicht zur\u00fcckerstattet<\/li>\n<\/ul>\n<\/div>\n<\/div>\n<\/div>\n<p>[\/vc_column_text][\/vc_column][\/vc_row]<\/p>","protected":false},"excerpt":{"rendered":"<p>[vc_row][vc_column][vc_raw_html]JTNDZGl2JTIwY2xhc3MlM0QlMjJzZWMtdGl0bGUlMjIlM0UlMEElMjAlMjAlMjAlMjAlMjAlMjAlMjAlMjAlMjAlMjAlMjAlMjAlMjAlMjAlMjAlMjAlM0NoMiUzRVByZWlzZSUzQ3NwYW4lMjBjbGFzcyUzRCUyMnRoZW1lX2NvbG9yJTIyJTNFJTIwJTNDJTJGc3BhbiUzRSUzQyUyRmgyJTNFJTBBJTIwJTIwJTIwJTIwJTIwJTIwJTIwJTIwJTIwJTIwJTIwJTIwJTIwJTIwJTIwJTIwJTNDZGl2JTIwY2xhc3MlM0QlMjJzZXBhcmF0b3IlMjBzbWFsbC1zZXBhcmF0b3IlMjIlM0UlM0MlMkZkaXYlM0UlMEElMjAlMjAlMjAlMjAlMjAlMjAlMjAlMjAlMjAlMjAlMjAlMjAlM0MlMkZkaXYlM0U=[\/vc_raw_html][\/vc_column][\/vc_row][vc_row][vc_column][vc_column_text] Preise Nach Saison 2026 &#8211; Nachstehende Preise verstehen sich pro Wohnung inkl. MWSt Preise pro Woche Wohnungstyp Nebensaison 12\/01 \u2013 30\/04 01\/10 \u2013 03\/12 Zwischensaison 01\/05 \u2013 30\/06 01\/09 \u2013 30\/09 Hochsaison 01\/07 \u2013 31\/08 1-Raum-Wohnung \u20ac 630 \u20ac 700 \u20ac 805 2-Raum-Wohnung \u20ac 770 \u20ac 910 \u20ac 1.050 3-Raum-Wohnung (45 qm) \u20ac 840<\/p>\n","protected":false},"author":1,"featured_media":0,"parent":0,"menu_order":0,"comment_status":"open","ping_status":"closed","template":"","meta":[],"_links":{"self":[{"href":"https:\/\/www.lacasadellequerce.it\/de\/wp-json\/wp\/v2\/pages\/557"}],"collection":[{"href":"https:\/\/www.lacasadellequerce.it\/de\/wp-json\/wp\/v2\/pages"}],"about":[{"href":"https:\/\/www.lacasadellequerce.it\/de\/wp-json\/wp\/v2\/types\/page"}],"author":[{"embeddable":true,"href":"https:\/\/www.lacasadellequerce.it\/de\/wp-json\/wp\/v2\/users\/1"}],"replies":[{"embeddable":true,"href":"https:\/\/www.lacasadellequerce.it\/de\/wp-json\/wp\/v2\/comments?post=557"}],"version-history":[{"count":153,"href":"https:\/\/www.lacasadellequerce.it\/de\/wp-json\/wp\/v2\/pages\/557\/revisions"}],"predecessor-version":[{"id":1219,"href":"https:\/\/www.lacasadellequerce.it\/de\/wp-json\/wp\/v2\/pages\/557\/revisions\/1219"}],"wp:attachment":[{"href":"https:\/\/www.lacasadellequerce.it\/de\/wp-json\/wp\/v2\/media?parent=557"}],"curies":[{"name":"wp","href":"https:\/\/api.w.org\/{rel}","templated":true}]}}