{"id":10,"date":"2015-12-21T17:50:24","date_gmt":"2015-12-21T17:50:24","guid":{"rendered":"http:\/\/wp1.themexlab.com\/wp\/dreamland\/?page_id=10"},"modified":"2017-03-03T10:44:11","modified_gmt":"2017-03-03T09:44:11","slug":"appartamenti","status":"publish","type":"page","link":"https:\/\/www.lacasadellequerce.it\/fr\/appartements.html","title":{"rendered":"Appartamenti"},"content":{"rendered":"<p>[vc_row][vc_column][vc_raw_html]JTNDZGl2JTIwY2xhc3MlM0QlMjJzZWMtdGl0bGUlMjIlM0UlMEElMjAlMjAlMjAlMjAlMjAlMjAlMjAlMjAlMjAlMjAlMjAlMjAlMjAlMjAlMjAlMjAlM0NoMiUzRUFwcGFydGVtZW50cyUzQyUyRmgyJTNFJTBBJTIwJTIwJTIwJTIwJTIwJTIwJTIwJTIwJTIwJTIwJTIwJTIwJTIwJTIwJTIwJTIwJTNDZGl2JTIwY2xhc3MlM0QlMjJzZXBhcmF0b3IlMjBzbWFsbC1zZXBhcmF0b3IlMjIlM0UlM0MlMkZkaXYlM0UlM0MlMkZkaXYlM0U=[\/vc_raw_html][\/vc_column][\/vc_row][vc_row][vc_column][vc_column_text]Les appartements, d\u00e9cor\u00e9s sobrement, sont \u00e9quip\u00e9s de meubles d&#8217;\u00e9poque rustique toscane et de sols en terre-cuite. Des poutres en bois apparentes ornent les plafonds, et des parois volontairement laiss\u00e9es en pierre embellissent la majorit\u00e9 des pi\u00e8ces. Le s\u00e9jour &#8211; salle \u00e0 manger avec coin cuisine &#8211; comprend 1 ou plusieurs canap\u00e9s lits, selon le type d&#8217;appartement. La cuisine est enti\u00e8rement \u00e9quip\u00e9e et dot\u00e9e de couverts. Il y a une douche dans chaque salle de bain, quelques unes seulement ont une vasque. T\u00e9l\u00e9phone et t\u00e9l\u00e9 dans chaque appartement. [\/vc_column_text][\/vc_column][\/vc_row][vc_row][vc_column width=&#8221;1\/3&#8243;][vc_single_image image=&#8221;352&#8243; img_size=&#8221;700&#215;400&#8243; onclick=&#8221;custom_link&#8221; link=&#8221;http:\/\/www.lacasadellequerce.it\/fr\/studio.html&#8221;][vc_column_text]<\/p>\n<p style=\"text-align: center; font-size: 18px;\"><a href=\"http:\/\/www.lacasadellequerce.it\/fr\/studio.html\"><strong>Studio<\/strong><\/a><\/p>\n<p>[\/vc_column_text][\/vc_column][vc_column width=&#8221;1\/3&#8243;][vc_single_image image=&#8221;346&#8243; img_size=&#8221;700&#215;400&#8243; onclick=&#8221;custom_link&#8221; link=&#8221;http:\/\/www.lacasadellequerce.it\/fr\/2-pieces.html&#8221;][vc_column_text]<\/p>\n<p style=\"text-align: center; font-size: 18px;\"><a href=\"http:\/\/www.lacasadellequerce.it\/fr\/2-pieces.html\"><strong>2 Pi\u00e8ces<\/strong><\/a><\/p>\n<p>[\/vc_column_text][\/vc_column][vc_column width=&#8221;1\/3&#8243;][vc_single_image image=&#8221;348&#8243; img_size=&#8221;700&#215;400&#8243; onclick=&#8221;custom_link&#8221; link=&#8221;http:\/\/www.lacasadellequerce.it\/fr\/3-pieces-45.html&#8221;][vc_column_text]<\/p>\n<p style=\"text-align: center; font-size: 18px;\"><a href=\"http:\/\/www.lacasadellequerce.it\/fr\/3-pieces-45.html\"><strong>3 Pi\u00e8ces (45 mc.)<\/strong><\/a><\/p>\n<p>[\/vc_column_text][\/vc_column][\/vc_row][vc_row][vc_column width=&#8221;1\/3&#8243;][vc_single_image image=&#8221;350&#8243; img_size=&#8221;700&#215;400&#8243; onclick=&#8221;custom_link&#8221; link=&#8221;http:\/\/www.lacasadellequerce.it\/fr\/3-pieces-60.html&#8221;][vc_column_text]<\/p>\n<p style=\"text-align: center; font-size: 18px;\"><a href=\"http:\/\/www.lacasadellequerce.it\/fr\/3-pieces-60.html\"><strong>3 Pi\u00e8ces (60 mc.)<\/strong><\/a><\/p>\n<p>[\/vc_column_text][\/vc_column][vc_column width=&#8221;1\/3&#8243;][vc_single_image image=&#8221;326&#8243; img_size=&#8221;700&#215;400&#8243; onclick=&#8221;custom_link&#8221; link=&#8221;http:\/\/www.lacasadellequerce.it\/fr\/policiano-suite.html&#8221;][vc_column_text]<\/p>\n<p style=\"text-align: center; font-size: 18px;\"><a href=\"http:\/\/www.lacasadellequerce.it\/fr\/policiano-suite.html\"><strong>Policiano Suite<\/strong><\/a><\/p>\n<p>[\/vc_column_text][\/vc_column][vc_column width=&#8221;1\/3&#8243;][\/vc_column][\/vc_row][vc_row][vc_column][vc_column_text]<\/p>\n<p>[\/vc_column_text][\/vc_column][\/vc_row]<\/p>","protected":false},"excerpt":{"rendered":"<p>[vc_row][vc_column][vc_raw_html]JTNDZGl2JTIwY2xhc3MlM0QlMjJzZWMtdGl0bGUlMjIlM0UlMEElMjAlMjAlMjAlMjAlMjAlMjAlMjAlMjAlMjAlMjAlMjAlMjAlMjAlMjAlMjAlMjAlM0NoMiUzRUFwcGFydGVtZW50cyUzQyUyRmgyJTNFJTBBJTIwJTIwJTIwJTIwJTIwJTIwJTIwJTIwJTIwJTIwJTIwJTIwJTIwJTIwJTIwJTIwJTNDZGl2JTIwY2xhc3MlM0QlMjJzZXBhcmF0b3IlMjBzbWFsbC1zZXBhcmF0b3IlMjIlM0UlM0MlMkZkaXYlM0UlM0MlMkZkaXYlM0U=[\/vc_raw_html][\/vc_column][\/vc_row][vc_row][vc_column][vc_column_text]Les appartements, d\u00e9cor\u00e9s sobrement, sont \u00e9quip\u00e9s de meubles d&#8217;\u00e9poque rustique toscane et de sols en terre-cuite. Des poutres en bois apparentes ornent les plafonds, et des parois volontairement laiss\u00e9es en pierre embellissent la majorit\u00e9 des pi\u00e8ces. Le s\u00e9jour &#8211; salle \u00e0 manger avec coin cuisine &#8211; comprend 1 ou plusieurs canap\u00e9s lits, selon le type<\/p>\n","protected":false},"author":1,"featured_media":0,"parent":0,"menu_order":0,"comment_status":"open","ping_status":"closed","template":"","meta":[],"_links":{"self":[{"href":"https:\/\/www.lacasadellequerce.it\/fr\/wp-json\/wp\/v2\/pages\/10"}],"collection":[{"href":"https:\/\/www.lacasadellequerce.it\/fr\/wp-json\/wp\/v2\/pages"}],"about":[{"href":"https:\/\/www.lacasadellequerce.it\/fr\/wp-json\/wp\/v2\/types\/page"}],"author":[{"embeddable":true,"href":"https:\/\/www.lacasadellequerce.it\/fr\/wp-json\/wp\/v2\/users\/1"}],"replies":[{"embeddable":true,"href":"https:\/\/www.lacasadellequerce.it\/fr\/wp-json\/wp\/v2\/comments?post=10"}],"version-history":[{"count":27,"href":"https:\/\/www.lacasadellequerce.it\/fr\/wp-json\/wp\/v2\/pages\/10\/revisions"}],"predecessor-version":[{"id":979,"href":"https:\/\/www.lacasadellequerce.it\/fr\/wp-json\/wp\/v2\/pages\/10\/revisions\/979"}],"wp:attachment":[{"href":"https:\/\/www.lacasadellequerce.it\/fr\/wp-json\/wp\/v2\/media?parent=10"}],"curies":[{"name":"wp","href":"https:\/\/api.w.org\/{rel}","templated":true}]}}