{"id":553,"date":"2016-11-03T14:44:22","date_gmt":"2016-11-03T13:44:22","guid":{"rendered":"http:\/\/www.lacasadellequerce.it\/it\/?page_id=553"},"modified":"2018-01-05T16:19:18","modified_gmt":"2018-01-05T15:19:18","slug":"policiano-suite","status":"publish","type":"page","link":"https:\/\/www.lacasadellequerce.it\/fr\/policiano-suite.html","title":{"rendered":"Policiano Suite"},"content":{"rendered":"<p>[vc_row][vc_column][vc_raw_html]JTNDZGl2JTIwY2xhc3MlM0QlMjJzZWMtdGl0bGUlMjIlM0UlMEElMjAlMjAlMjAlMjAlMjAlMjAlMjAlMjAlMjAlMjAlMjAlMjAlMjAlMjAlMjAlMjAlM0NoMiUzRVBvbGljaWFubyUyMCUzQ3NwYW4lMjBjbGFzcyUzRCUyMnRoZW1lX2NvbG9yJTIyJTNFU3VpdGUlM0MlMkZzcGFuJTNFJTNDJTJGaDIlM0UlMEElMjAlMjAlMjAlMjAlMjAlMjAlMjAlMjAlMjAlMjAlMjAlMjAlMjAlMjAlMjAlMjAlM0NkaXYlMjBjbGFzcyUzRCUyMnNlcGFyYXRvciUyMHNtYWxsLXNlcGFyYXRvciUyMiUzRSUzQyUyRmRpdiUzRSUyMCUzQyUyRmRpdiUzRQ==[\/vc_raw_html][\/vc_column][\/vc_row][vc_row][vc_column width=&#8221;1\/4&#8243;][vc_single_image image=&#8221;413&#8243; img_size=&#8221;360&#215;550&#8243; style=&#8221;vc_box_rounded&#8221;][\/vc_column][vc_column width=&#8221;3\/4&#8243;][vc_column_text]La suite Policiano &#8211; avec ses 90 m\u00b2 de surface &#8211; est l&#8217;appartement le plus grand de la propri\u00e9t\u00e9 &#8220;La Casa delle Querce&#8221;.<br \/>\nIl comprend un salon &#8211; avec salle \u00e0 manger tr\u00e8s spacieuse, ample cuisine \u00e0 l&#8217;am\u00e9ricaine, 2 chambres \u00e0 coucher, 2 salles de bain avec douche.<br \/>\nLe s\u00e9jour comprend des canap\u00e9s convertibles pour 2 personnes suppl\u00e9mentaires.<\/p>\n<p>L&#8217;appartement est d\u00e9cor\u00e9 avec des meubles d&#8217;\u00e9poque et comprend tous les conforts: une cuisine \u00e9quip\u00e9e de lave-vaisselle, d&#8217;un grand frigidaire \u00e0 double ouverture, un four \u00e0 gaz avec grill, des couverts.<br \/>\nLes chambres \u00e0 coucher ont la climatisation, la t\u00e9l\u00e9 et le t\u00e9l\u00e9phone.<br \/>\nA l&#8217;ext\u00e9rieur, face \u00e0 la piscine, vous disposerez d&#8217;un espace priv\u00e9 avec une table et des bancs.[\/vc_column_text][vc_gallery type=&#8221;image_grid&#8221; images=&#8221;413,411,409,751,415,417,753,662,752,423,421,419&#8243; img_size=&#8221;140&#215;100&#8243;][\/vc_column][\/vc_row]<\/p>","protected":false},"excerpt":{"rendered":"<p>[vc_row][vc_column][vc_raw_html]JTNDZGl2JTIwY2xhc3MlM0QlMjJzZWMtdGl0bGUlMjIlM0UlMEElMjAlMjAlMjAlMjAlMjAlMjAlMjAlMjAlMjAlMjAlMjAlMjAlMjAlMjAlMjAlMjAlM0NoMiUzRVBvbGljaWFubyUyMCUzQ3NwYW4lMjBjbGFzcyUzRCUyMnRoZW1lX2NvbG9yJTIyJTNFU3VpdGUlM0MlMkZzcGFuJTNFJTNDJTJGaDIlM0UlMEElMjAlMjAlMjAlMjAlMjAlMjAlMjAlMjAlMjAlMjAlMjAlMjAlMjAlMjAlMjAlMjAlM0NkaXYlMjBjbGFzcyUzRCUyMnNlcGFyYXRvciUyMHNtYWxsLXNlcGFyYXRvciUyMiUzRSUzQyUyRmRpdiUzRSUyMCUzQyUyRmRpdiUzRQ==[\/vc_raw_html][\/vc_column][\/vc_row][vc_row][vc_column width=&#8221;1\/4&#8243;][vc_single_image image=&#8221;413&#8243; img_size=&#8221;360&#215;550&#8243; style=&#8221;vc_box_rounded&#8221;][\/vc_column][vc_column width=&#8221;3\/4&#8243;][vc_column_text]La suite Policiano &#8211; avec ses 90 m\u00b2 de surface &#8211; est l&#8217;appartement le plus grand de la propri\u00e9t\u00e9 &#8220;La Casa delle Querce&#8221;. Il comprend un salon &#8211; avec salle \u00e0 manger tr\u00e8s spacieuse, ample cuisine \u00e0 l&#8217;am\u00e9ricaine, 2 chambres \u00e0 coucher, 2 salles de bain avec douche. Le s\u00e9jour<\/p>\n","protected":false},"author":1,"featured_media":0,"parent":0,"menu_order":0,"comment_status":"open","ping_status":"closed","template":"","meta":[],"_links":{"self":[{"href":"https:\/\/www.lacasadellequerce.it\/fr\/wp-json\/wp\/v2\/pages\/553"}],"collection":[{"href":"https:\/\/www.lacasadellequerce.it\/fr\/wp-json\/wp\/v2\/pages"}],"about":[{"href":"https:\/\/www.lacasadellequerce.it\/fr\/wp-json\/wp\/v2\/types\/page"}],"author":[{"embeddable":true,"href":"https:\/\/www.lacasadellequerce.it\/fr\/wp-json\/wp\/v2\/users\/1"}],"replies":[{"embeddable":true,"href":"https:\/\/www.lacasadellequerce.it\/fr\/wp-json\/wp\/v2\/comments?post=553"}],"version-history":[{"count":14,"href":"https:\/\/www.lacasadellequerce.it\/fr\/wp-json\/wp\/v2\/pages\/553\/revisions"}],"predecessor-version":[{"id":1041,"href":"https:\/\/www.lacasadellequerce.it\/fr\/wp-json\/wp\/v2\/pages\/553\/revisions\/1041"}],"wp:attachment":[{"href":"https:\/\/www.lacasadellequerce.it\/fr\/wp-json\/wp\/v2\/media?parent=553"}],"curies":[{"name":"wp","href":"https:\/\/api.w.org\/{rel}","templated":true}]}}