{"id":557,"date":"2016-11-03T14:47:42","date_gmt":"2016-11-03T13:47:42","guid":{"rendered":"http:\/\/www.lacasadellequerce.it\/it\/?page_id=557"},"modified":"2026-01-05T10:03:06","modified_gmt":"2026-01-05T09:03:06","slug":"prezzi","status":"publish","type":"page","link":"https:\/\/www.lacasadellequerce.it\/fr\/tarifs-service.html","title":{"rendered":"Tarifs et Service"},"content":{"rendered":"<p>[vc_row][vc_column][vc_raw_html]JTNDZGl2JTIwY2xhc3MlM0QlMjJzZWMtdGl0bGUlMjIlM0UlMEElMjAlMjAlMjAlMjAlMjAlMjAlMjAlMjAlMjAlMjAlMjAlMjAlMjAlMjAlMjAlMjAlM0NoMiUzRVRhcmlmcyUyMGV0JTIwJTNDc3BhbiUyMGNsYXNzJTNEJTIydGhlbWVfY29sb3IlMjIlM0VTZXJ2aWNlJTNDJTJGc3BhbiUzRSUzQyUyRmgyJTNFJTBBJTIwJTIwJTIwJTIwJTIwJTIwJTIwJTIwJTIwJTIwJTIwJTIwJTIwJTIwJTIwJTIwJTNDZGl2JTIwY2xhc3MlM0QlMjJzZXBhcmF0b3IlMjBzbWFsbC1zZXBhcmF0b3IlMjIlM0UlM0MlMkZkaXYlM0UlMEElMjAlMjAlMjAlMjAlMjAlMjAlMjAlMjAlMjAlMjAlMjAlMjAlM0MlMkZkaXYlM0U=[\/vc_raw_html][\/vc_column][\/vc_row][vc_row][vc_column][vc_column_text]<\/p>\n<div id=\"testo\">\n<h4>Liste des tarifs Saison 2026 &#8211; Tarifs au Public par appartement TVA comprise<\/h4>\n<h5>Tarifs pour une semaine<\/h5>\n<div class=\"prezzi\">\n<div class=\"riga\">\n<div class=\"colonna0\"><b>Appartement<\/b><\/div>\n<div class=\"colonna\">\n<p>Basse saison<br \/>\n12\/01 \u2013 30\/04<br \/>\n01\/10 \u2013 03\/12<\/p>\n<\/div>\n<div class=\"colonna\">\n<p>Mi-saison<br \/>\n01\/05 \u2013 30\/06<br \/>\n01\/09 \u2013 30\/09<\/p>\n<\/div>\n<div class=\"colonna\">\n<p>Haute saison<br \/>\n01\/07 \u2013 31\/08<\/p>\n<\/div>\n<\/div>\n<div class=\"riga\">\n<h6>Studio<\/h6>\n<ul>\n<li>\u20ac 630<\/li>\n<li>\u20ac 700<\/li>\n<li>\u20ac 805<\/li>\n<\/ul>\n<\/div>\n<div class=\"riga\">\n<h6>2 Chambres<\/h6>\n<ul>\n<li>\u20ac 770<\/li>\n<li>\u20ac 910<\/li>\n<li>\u20ac 1.050<\/li>\n<\/ul>\n<\/div>\n<div class=\"riga\">\n<h6>3 Chambres (45 mc)<\/h6>\n<ul>\n<li>\u20ac 840<\/li>\n<li>\u20ac 980<\/li>\n<li>\u20ac 1.120<\/li>\n<\/ul>\n<\/div>\n<div class=\"riga\">\n<h6>3 Chambres (60 mc)<\/h6>\n<ul>\n<li>\u20ac 980<\/li>\n<li>\u20ac 1.120<\/li>\n<li>\u20ac 1.260<\/li>\n<\/ul>\n<\/div>\n<div class=\"riga\">\n<h6>Policiano Suite<\/h6>\n<ul>\n<li>\u20ac 1.330<\/li>\n<li>\u20ac 1.540<\/li>\n<li>\u20ac 1.750<\/li>\n<\/ul>\n<\/div>\n<\/div>\n<h5 class=\"next\">Tarifs journaliers pour des s\u00e9jours inf\u00e9rieurs \u00e1 une semaine<\/h5>\n<div class=\"prezzi\">\n<div class=\"riga\">\n<h6>Studio<\/h6>\n<ul>\n<li>\u20ac 90<\/li>\n<li>\u20ac 100<\/li>\n<li>\u20ac 115<\/li>\n<\/ul>\n<\/div>\n<div class=\"riga\">\n<h6>2 Chambres<\/h6>\n<ul>\n<li>\u20ac 110<\/li>\n<li>\u20ac 130<\/li>\n<li>\u20ac 150<\/li>\n<\/ul>\n<\/div>\n<div class=\"riga\">\n<h6>3 Chambres (45 mc)<\/h6>\n<ul>\n<li>\u20ac 120<\/li>\n<li>\u20ac 140<\/li>\n<li>\u20ac 160<\/li>\n<\/ul>\n<\/div>\n<div class=\"riga\">\n<h6>3 Chambres (60 mc)<\/h6>\n<ul>\n<li>\u20ac 140<\/li>\n<li>\u20ac 160<\/li>\n<li>\u20ac 180<\/li>\n<\/ul>\n<\/div>\n<div class=\"riga\">\n<h6>Policiano Suite<\/h6>\n<ul>\n<li>\u20ac 190<\/li>\n<li>\u20ac 220<\/li>\n<li>\u20ac 250<\/li>\n<\/ul>\n<\/div>\n<\/div>\n<div class=\"prezzi-2011\">\n<div class=\"riga3\">\n<div class=\"colonna-0\"><b>Promotions<\/b> ***<\/div>\n<div class=\"colonna-1\">\n<p>BASSE SAISON<\/p>\n<\/div>\n<div class=\"colonna-2\">\n<p>&#8211; <b>R\u00e9duction de 12%<\/b> pour les r\u00e9servations minimum 7 nuits<\/p>\n<\/div>\n<\/div>\n<div class=\"riga3\">\n<div class=\"colonna-0\"><\/div>\n<div class=\"colonna-1\">\n<p>MI-SAISON<\/p>\n<\/div>\n<div class=\"colonna-2\">\n<p>&#8211; <b>R\u00e9duction de 12%<\/b> pour les r\u00e9servations, minimum 7 nuits<\/p>\n<\/div>\n<\/div>\n<div class=\"riga3\">\n<div class=\"colonna-0\"><\/div>\n<div class=\"colonna-1\">\n<p>HAUTE SAISON<\/p>\n<\/div>\n<div class=\"colonna-2\">\n<p>&#8211; <b>R\u00e9duction de 12%<\/b> pour un s\u00e9jour de 7 nuits minimum confirm\u00e9e avant le 31 mai 2026<\/p>\n<\/div>\n<\/div>\n<p class=\"promo2\">*** <b><i>Le paiement total de la r\u00e9servation non remboursable<\/i><\/b><\/p>\n<\/div>\n<h4 class=\"next\">Tarifs package Festivit\u00e9s 2026 &#8211; Tarifs au Public par appartement TVA comprise (Tarifs journaliers)<\/h4>\n<div class=\"prezzi-bank\">\n<div class=\"riga\">\n<div class=\"colonna-4\"><b>Appartement<\/b><\/div>\n<div class=\"colonna-3\">\n<p><b>\u00c9piphanie<\/b><br \/>\n03\/01 \u2013 11\/01<\/p>\n<\/div>\n<div class=\"colonna-3\">\n<p><b>Paques<\/b><br \/>\n03\/04 \u2013 06\/04<\/p>\n<\/div>\n<div class=\"colonna-3\">\n<p><b>25 Avril<br \/>\n<\/b><br \/>\n24\/04 \u2013 26\/04<\/p>\n<\/div>\n<div class=\"colonna-3\">\n<p><b><br \/>\n1 Novembre<br \/>\n<\/b><br \/>\n30\/10 \u2013 01\/11<\/p>\n<\/div>\n<div class=\"colonna-3\">\n<p><b>D\u00e9cembre<\/b><br \/>\n04\/11 \u2013 28\/12<\/p>\n<\/div>\n<div class=\"colonna-3\">\n<p><b>31 D\u00e9cembre 2026<br \/>\n1 Janvier 2027<\/b><br \/>\n29\/12 \u2013 02\/01<\/p>\n<\/div>\n<\/div>\n<div class=\"riga4\">\n<h6>Studio<\/h6>\n<ul>\n<li>\u20ac 95<\/li>\n<li>\u20ac 115<\/li>\n<li>\u20ac 100<\/li>\n<li>\u20ac 100<\/li>\n<li>\u20ac 100<\/li>\n<li>\u20ac 115<\/li>\n<\/ul>\n<\/div>\n<div class=\"riga4\">\n<h6>2 Chambres<\/h6>\n<ul>\n<li>\u20ac 120<\/li>\n<li>\u20ac 150<\/li>\n<li>\u20ac 130<\/li>\n<li>\u20ac 130<\/li>\n<li>\u20ac 130<\/li>\n<li>\u20ac 150<\/li>\n<\/ul>\n<\/div>\n<div class=\"riga4\">\n<h6>3 Chambres (45 mc)<\/h6>\n<ul>\n<li>\u20ac 130<\/li>\n<li>\u20ac 160<\/li>\n<li>\u20ac 140<\/li>\n<li>\u20ac 140<\/li>\n<li>\u20ac 140<\/li>\n<li>\u20ac 160<\/li>\n<\/ul>\n<\/div>\n<div class=\"riga4\">\n<h6>3 Chambres (60 mc)<\/h6>\n<ul>\n<li>\u20ac 160<\/li>\n<li>\u20ac 180<\/li>\n<li>\u20ac 160<\/li>\n<li>\u20ac 160<\/li>\n<li>\u20ac 160<\/li>\n<li>\u20ac 180<\/li>\n<\/ul>\n<\/div>\n<div class=\"riga4\">\n<h6>Policiano Suite<\/h6>\n<ul>\n<li>\u20ac 220<\/li>\n<li>\u20ac 250<\/li>\n<li>\u20ac 220<\/li>\n<li>\u20ac 220<\/li>\n<li>\u20ac 220<\/li>\n<li>\u20ac 250<\/li>\n<\/ul>\n<\/div>\n<div class=\"riga4\">\n<h6>S\u00e9jours minimum (nuits)<\/h6>\n<ul>\n<li>3<\/li>\n<li>3<\/li>\n<li>2<\/li>\n<li>2<\/li>\n<li>2\/3<\/li>\n<li>3<\/li>\n<\/ul>\n<\/div>\n<\/div>\n<h4 class=\"next\">Services Inclus<\/h4>\n<div>\n<div class=\"col-sx\">\n<ul>\n<li>Assistance de jour et de nuit &#8211; (le propri\u00e9taire vit dans la maison)<\/li>\n<li>Langues parl\u00e9es: anglais, espagnol<\/li>\n<li>Principales cartes de cr\u00e9dit accept\u00e9es<\/li>\n<li>Internet WI FI<\/li>\n<li>Lingerie de lit et de salle de bain &#8211; (change une fois par semaine)<\/li>\n<li>Eau froide\/chaude, courant \u00e9lectrique, gaz gpl<\/li>\n<li>T\u00e9l\u00e9 programmes nationaux et bouquets satellite<\/li>\n<li>Climatisation (2 Chambres, 3 Chambres 45 mc, 3 Chambres 60 mc, Suite Policiano)<\/li>\n<li>Chauffage<\/li>\n<li>Lave-vaisselle<\/li>\n<\/ul>\n<\/div>\n<div class=\"col-dx\">\n<ul>\n<li>Acc\u00e8s \u00e0 la piscine (m 16&#215;8) du 1 May au 30 Septembre<\/li>\n<li>Acc\u00e8s aux \u00e9quipements du parc: chaises longues, transats, chaises, tables, douche ext\u00e9rieure, barbecue, four<\/li>\n<li>Acc\u00e8s buanderie pour lavage \u00e0 la main<\/li>\n<li>Utilisation de fer et planche \u00e0 repasser<\/li>\n<li>Parking ext\u00e9rieur priv\u00e9<\/li>\n<li>Nettoyage appartement fin de s\u00e9jour<\/li>\n<\/ul>\n<\/div>\n<\/div>\n<h4 class=\"next\">Extras<\/h4>\n<div>\n<div class=\"col-sx\">\n<ul>\n<li>Taxe de s\u00e9jour de Montepulciano: 2 \u20ac par personne et par nuit (\u00e0 l&#8217;exception les enfants de 12 ans)<\/li>\n<li>Recharge de voiture \u00e9lectrique 0,60 \u20ac kW\/heure<\/li>\n<li>3 Chambres (60 mc) 5 personnes 15 \u20ac par nuit<\/li>\n<li>Suite Policiano 5 et 6 pax 15 \u20ac chacun par nuit<\/li>\n<li>Acc\u00e8s t\u00e9l\u00e9phone, avec relev\u00e9 d&#8217;appels sur imprimante et d\u00e9bit final<\/li>\n<\/ul>\n<\/div>\n<div class=\"col-dx\">\n<ul>\n<li>Utilisation machine \u00e0 laver, 4 \u20ac par lavage<\/li>\n<li>Petits animaux 20 \u20ac par s\u00e9jour<\/li>\n<li>Service de boulangerie: d&#8217;avril \u00e0 Octobre tous les matins (sauf le dimanche) pain, pizza et croissant<\/li>\n<\/ul>\n<\/div>\n<\/div>\n<h4 class=\"next\">Avertissements<\/h4>\n<div>\n<div class=\"col-sx\">\n<ul>\n<li>Une caution de 150 \u20ac, remboursable au moment de votre d\u00e9part, ou votre num\u00e9ro de carte de cr\u00e9dit<\/li>\n<\/ul>\n<\/div>\n<div class=\"col-dx\">\n<ul>\n<li>Enregistrement: de 16h00 \u00e0 20h00, veuillez nous avertir en cas d&#8217;horaire diff\u00e9rent<\/li>\n<li>D\u00e9part: avant 10h00<\/li>\n<\/ul>\n<\/div>\n<\/div>\n<h4 class=\"next\">Politique de r\u00e9servation \/ d&#8217;annulation<\/h4>\n<div>\n<div class=\"col-sx\">\n<h4 style=\"margin-top: 15px;\">Taux standard<\/h4>\n<div style=\"clear: both;\"><\/div>\n<ul>\n<li>Avance de 30% \u00e0 la r\u00e9servation remboursable en cas d&#8217;annulation jusqu&#8217;\u00e0 20 jours avant l&#8217;arriv\u00e9e<\/li>\n<li>Solde au check-out<\/li>\n<\/ul>\n<\/div>\n<div class=\"col-dx\">\n<h4 style=\"margin-top: 15px;\">Taux non remboursable<\/h4>\n<div style=\"clear: both;\"><\/div>\n<ul>\n<li>Le paiement total \u00e0 la r\u00e9servation n&#8217;est pas remboursable<\/li>\n<\/ul>\n<\/div>\n<\/div>\n<\/div>\n<p>[\/vc_column_text][\/vc_column][\/vc_row]<\/p>","protected":false},"excerpt":{"rendered":"<p>[vc_row][vc_column][vc_raw_html]JTNDZGl2JTIwY2xhc3MlM0QlMjJzZWMtdGl0bGUlMjIlM0UlMEElMjAlMjAlMjAlMjAlMjAlMjAlMjAlMjAlMjAlMjAlMjAlMjAlMjAlMjAlMjAlMjAlM0NoMiUzRVRhcmlmcyUyMGV0JTIwJTNDc3BhbiUyMGNsYXNzJTNEJTIydGhlbWVfY29sb3IlMjIlM0VTZXJ2aWNlJTNDJTJGc3BhbiUzRSUzQyUyRmgyJTNFJTBBJTIwJTIwJTIwJTIwJTIwJTIwJTIwJTIwJTIwJTIwJTIwJTIwJTIwJTIwJTIwJTIwJTNDZGl2JTIwY2xhc3MlM0QlMjJzZXBhcmF0b3IlMjBzbWFsbC1zZXBhcmF0b3IlMjIlM0UlM0MlMkZkaXYlM0UlMEElMjAlMjAlMjAlMjAlMjAlMjAlMjAlMjAlMjAlMjAlMjAlMjAlM0MlMkZkaXYlM0U=[\/vc_raw_html][\/vc_column][\/vc_row][vc_row][vc_column][vc_column_text] Liste des tarifs Saison 2026 &#8211; Tarifs au Public par appartement TVA comprise Tarifs pour une semaine Appartement Basse saison 12\/01 \u2013 30\/04 01\/10 \u2013 03\/12 Mi-saison 01\/05 \u2013 30\/06 01\/09 \u2013 30\/09 Haute saison 01\/07 \u2013 31\/08 Studio \u20ac 630 \u20ac 700 \u20ac 805 2 Chambres \u20ac 770 \u20ac 910 \u20ac 1.050 3<\/p>\n","protected":false},"author":1,"featured_media":0,"parent":0,"menu_order":0,"comment_status":"open","ping_status":"closed","template":"","meta":[],"_links":{"self":[{"href":"https:\/\/www.lacasadellequerce.it\/fr\/wp-json\/wp\/v2\/pages\/557"}],"collection":[{"href":"https:\/\/www.lacasadellequerce.it\/fr\/wp-json\/wp\/v2\/pages"}],"about":[{"href":"https:\/\/www.lacasadellequerce.it\/fr\/wp-json\/wp\/v2\/types\/page"}],"author":[{"embeddable":true,"href":"https:\/\/www.lacasadellequerce.it\/fr\/wp-json\/wp\/v2\/users\/1"}],"replies":[{"embeddable":true,"href":"https:\/\/www.lacasadellequerce.it\/fr\/wp-json\/wp\/v2\/comments?post=557"}],"version-history":[{"count":153,"href":"https:\/\/www.lacasadellequerce.it\/fr\/wp-json\/wp\/v2\/pages\/557\/revisions"}],"predecessor-version":[{"id":1219,"href":"https:\/\/www.lacasadellequerce.it\/fr\/wp-json\/wp\/v2\/pages\/557\/revisions\/1219"}],"wp:attachment":[{"href":"https:\/\/www.lacasadellequerce.it\/fr\/wp-json\/wp\/v2\/media?parent=557"}],"curies":[{"name":"wp","href":"https:\/\/api.w.org\/{rel}","templated":true}]}}