{"id":6,"date":"2015-12-21T17:49:41","date_gmt":"2015-12-21T17:49:41","guid":{"rendered":"http:\/\/wp1.themexlab.com\/wp\/dreamland\/?page_id=6"},"modified":"2024-12-14T11:59:44","modified_gmt":"2024-12-14T10:59:44","slug":"homepage-one","status":"publish","type":"page","link":"https:\/\/www.lacasadellequerce.it\/fr\/","title":{"rendered":"Home"},"content":{"rendered":"<p><\/p>\n<p>[vc_row el_class=&#8221;main-slider&#8221;][vc_column][layerslider_vc id=&#8221;1&#8243;][vc_raw_html]JTNDJTIxLS0lMjBib29raW5nJTIwLS0lM0UlMEElM0NkaXYlMjBpZCUzRCUyMmJvb2tpbmctZm9ybSUyMiUzRSUzQ3NjcmlwdCUyMGNsYXNzJTNEJTIya2FzX29ubGluZV9yZWNlcHRpb24lMjIlMjBzcmMlM0QlMjJodHRwcyUzQSUyRiUyRnd1Ym9vay5uZXQlMkZqcyUyRm5lYmslMkZid2lkZ2V0LmpneiUyMiUyMGRhdGEtd2lkJTNEJTIyZTQzN2IxNWUtODFhMC00Y2UyLThhYzQtODYzYTc0ZjUyNGE5JTIyJTNFJTNDJTJGc2NyaXB0JTNFJTBBJTNDJTJGZGl2JTNFJTBB[\/vc_raw_html][\/vc_column][\/vc_row][vc_row css=&#8221;.vc_custom_1477311302939{margin-top: 0px !important;border-top-width: 0px !important;padding-top: 0px !important;}&#8221;][vc_column]\n<!--Properties Section-->\n    <section class=\"properties-section\">\n    \t<div class=\"auto-container\">\n        \n            <!--Section Title-->\n            <div class=\"sec-title\">\n                <h2>La Casa <span class=\"theme_color\">delle Querce<\/span><\/h2>\n                <div class=\"separator small-separator\"><\/div>\n                <div class=\"text\"><p>La propri\u00e9t\u00e9 de campagne, fabriqu\u00e9e en petites pierres d\u2019argile rouge, a \u00e9t\u00e9 finement restaur\u00e9e en 1990 pour donner naissance \u00e0 l'actuelle ``La Casa delle Querce``. Cette op\u00e9ration a \u00e9t\u00e9 men\u00e9e dans le respect de l'architecture originale. La propri\u00e9t\u00e9 comprend 11 appartements: le logement du propri\u00e9taire et 10 appartements r\u00e9serv\u00e9s aux visiteurs, chacun avec entr\u00e9e ind\u00e9pendante et diff\u00e9rent de par ses caract\u00e9ristiques.<\/p>\n<p>La propri\u00e9t\u00e9 est plong\u00e9e dans un parc, \u00e0 l'ombre de splendides ch\u00eanes.<br \/>\nAu milieu du gazon, vous trouverez la piscine plein air (m 16x8), \u00e9quip\u00e9e de chaises longues, de transats et de tables. Le coin barbecue et le four vous donneront certainement l'envie de pr\u00e9parer quelques recettes. La terrasse panoramique donne directement sur la vall\u00e9e, sur des rang\u00e9es de c\u00e8pes et d\u2019oliviers, le tout dans un cadre enchanteur.<\/p><\/div>\n            <\/div>\n            \n            <!--Full Image Box-->\n                        \n            <div class=\"five-col-theme\">\n                <div class=\"row clearfix\">\n                                    <\/div>\n            <\/div>\n            \n        <\/div>\n    <\/section>\n\n[vc_raw_html]JTNDZGl2JTIwY2xhc3MlM0QlMjJmaXZlLWNvbC10aGVtZSUyMiUzRSUwQSUyMCUyMCUyMCUyMCUyMCUyMCUyMCUyMCUyMCUyMCUyMCUyMCUyMCUyMCUyMCUyMCUzQ2RpdiUyMGNsYXNzJTNEJTIycm93JTIwY2xlYXJmaXglMjIlM0UlMEElMjAlMjAlMjAlMjAlMjAlMjAlMjAlMjAlMjAlMjAlMjAlMjAlMjAlMjAlMjAlMjAlMjAlMjAlMjAlMjAlMEElM0MlMjEtLUNvbHVtbi0tJTNFJTBBJTNDYXJ0aWNsZSUyMGNsYXNzJTNEJTIyY29sdW1uJTIyJTNFJTBBJTIwJTIwJTIwJTIwJTNDZGl2JTIwY2xhc3MlM0QlMjJpbm5lci1ib3glMjIlM0UlMEElMjAlMjAlMjAlMjAlMjAlMjAlMjAlMjAlM0NkaXYlMjBjbGFzcyUzRCUyMmljb24lMjIlM0UlM0NzcGFuJTIwY2xhc3MlM0QlMjJmbGF0aWNvbi1idWlsZGluZzEyMCUyMiUzRSUzQyUyRnNwYW4lM0UlM0MlMkZkaXYlM0UlMEElMjAlMjAlMjAlMjAlMjAlMjAlMjAlMjAlM0NoNCUyMGNsYXNzJTNEJTIydGl0bGUlMjIlM0UxMCUyMEFwcGFydGVtZW50cyUzQyUyRmg0JTNFJTBBJTIwJTIwJTIwJTIwJTIwJTIwJTIwJTIwJTNDaDMlMjBjbGFzcyUzRCUyMmNvdW50JTIyJTNFJTNDJTJGaDMlM0UlMEElMjAlMjAlMjAlMjAlM0MlMkZkaXYlM0UlMEElM0MlMkZhcnRpY2xlJTNFJTBBJTBBJTBBJTNDJTIxLS1Db2x1bW4tLSUzRSUwQSUzQ2FydGljbGUlMjBjbGFzcyUzRCUyMmNvbHVtbiUyMiUzRSUwQSUyMCUyMCUyMCUyMCUzQ2RpdiUyMGNsYXNzJTNEJTIyaW5uZXItYm94JTIyJTNFJTBBJTIwJTIwJTIwJTIwJTIwJTIwJTIwJTIwJTNDZGl2JTIwY2xhc3MlM0QlMjJpY29uJTIyJTNFJTNDaW1nJTIwc3R5bGUlM0QlMjJtYXgtd2lkdGglM0E2NnB4JTNCJTIwaGVpZ2h0JTNBYXV0byUyMiUyMHNyYyUzRCUyMmh0dHAlM0ElMkYlMkZ3d3cubGFjYXNhZGVsbGVxdWVyY2UuaXQlMkZ3cC1jb250ZW50JTJGdXBsb2FkcyUyRjIwMTYlMkYxMiUyRnBpc2NpbmEuanBnJTIyJTNFJTNDJTJGZGl2JTNFJTBBJTIwJTIwJTIwJTIwJTIwJTIwJTIwJTIwJTNDaDQlMjBjbGFzcyUzRCUyMnRpdGxlJTIyJTNFUGlzY2luZSUzQyUyRmg0JTNFJTBBJTIwJTIwJTIwJTIwJTIwJTIwJTIwJTIwJTNDaDMlMjBjbGFzcyUzRCUyMmNvdW50JTIyJTNFJTNDJTJGaDMlM0UlMEElMjAlMjAlMjAlMjAlM0MlMkZkaXYlM0UlMEElM0MlMkZhcnRpY2xlJTNFJTBBJTBBJTBBJTNDJTIxLS1Db2x1bW4tLSUzRSUwQSUzQ2FydGljbGUlMjBjbGFzcyUzRCUyMmNvbHVtbiUyMiUzRSUwQSUyMCUyMCUyMCUyMCUzQ2RpdiUyMGNsYXNzJTNEJTIyaW5uZXItYm94JTIyJTNFJTBBJTIwJTIwJTIwJTIwJTIwJTIwJTIwJTIwJTNDZGl2JTIwY2xhc3MlM0QlMjJpY29uJTIyJTNFJTNDc3BhbiUyMGNsYXNzJTNEJTIyZmElMjBmYS1tb2JpbGUlMjIlM0UlM0MlMkZzcGFuJTNFJTNDJTJGZGl2JTNFJTBBJTIwJTIwJTIwJTIwJTIwJTIwJTIwJTIwJTNDaDQlMjBjbGFzcyUzRCUyMnRpdGxlJTIyJTNFV2ktRmklM0MlMkZoNCUzRSUwQSUyMCUyMCUyMCUyMCUyMCUyMCUyMCUyMCUzQ2gzJTIwY2xhc3MlM0QlMjJjb3VudCUyMiUzRSUzQyUyRmgzJTNFJTBBJTIwJTIwJTIwJTIwJTNDJTJGZGl2JTNFJTBBJTNDJTJGYXJ0aWNsZSUzRSUwQSUwQSUwQSUzQyUyMS0tQ29sdW1uLS0lM0UlMEElM0NhcnRpY2xlJTIwY2xhc3MlM0QlMjJjb2x1bW4lMjIlM0UlMEElMjAlMjAlMjAlMjAlM0NkaXYlMjBjbGFzcyUzRCUyMmlubmVyLWJveCUyMiUzRSUwQSUyMCUyMCUyMCUyMCUyMCUyMCUyMCUyMCUzQ2RpdiUyMGNsYXNzJTNEJTIyaWNvbiUyMiUzRSUzQ3NwYW4lMjBjbGFzcyUzRCUyMmZsYXRpY29uLWNhcnBhcmtpbmclMjIlM0UlM0MlMkZzcGFuJTNFJTNDJTJGZGl2JTNFJTBBJTIwJTIwJTIwJTIwJTIwJTIwJTIwJTIwJTNDaDQlMjBjbGFzcyUzRCUyMnRpdGxlJTIyJTNFUGFya2luZyUzQyUyRmg0JTNFJTBBJTIwJTIwJTIwJTIwJTIwJTIwJTIwJTIwJTNDaDMlMjBjbGFzcyUzRCUyMmNvdW50JTIyJTNFJTNDJTJGaDMlM0UlMEElMjAlMjAlMjAlMjAlM0MlMkZkaXYlM0UlMEElM0MlMkZhcnRpY2xlJTNFJTBBJTBBJTBBJTNDJTIxLS1Db2x1bW4tLSUzRSUwQSUzQ2FydGljbGUlMjBjbGFzcyUzRCUyMmNvbHVtbiUyMiUzRSUwQSUyMCUyMCUyMCUyMCUzQ2RpdiUyMGNsYXNzJTNEJTIyaW5uZXItYm94JTIyJTNFJTBBJTIwJTIwJTIwJTIwJTIwJTIwJTIwJTIwJTNDZGl2JTIwY2xhc3MlM0QlMjJpY29uJTIyJTNFJTNDc3BhbiUyMGNsYXNzJTNEJTIyZmxhdGljb24taGVyYmFsMSUyMiUzRSUzQyUyRnNwYW4lM0UlM0MlMkZkaXYlM0UlMEElMjAlMjAlMjAlMjAlMjAlMjAlMjAlMjAlM0NoNCUyMGNsYXNzJTNEJTIydGl0bGUlMjIlM0VKYXJkaW4lM0MlMkZoNCUzRSUwQSUyMCUyMCUyMCUyMCUyMCUyMCUyMCUyMCUzQ2gzJTIwY2xhc3MlM0QlMjJjb3VudCUyMiUzRSUzQyUyRmgzJTNFJTBBJTIwJTIwJTIwJTIwJTNDJTJGZGl2JTNFJTBBJTNDJTJGYXJ0aWNsZSUzRSUwQSUwQSUyMCUyMCUyMCUyMCUyMCUyMCUyMCUyMCUyMCUyMCUyMCUyMCUyMCUyMCUyMCUyMCUzQyUyRmRpdiUzRSUwQSUyMCUyMCUyMCUyMCUyMCUyMCUyMCUyMCUyMCUyMCUyMCUyMCUzQyUyRmRpdiUzRQ==[\/vc_raw_html][\/vc_column][\/vc_row][vc_row][vc_column]\n<!-- Location Map -->\n<section class=\"map-section\">\n    <div class=\"map-container\" id=\"map-location\"><\/div>\n<\/section>\n\t\n<script type=\"text\/javascript\">\n\t\n\t\/\/ Google Map Settings\n\tif(jQuery('#map-location').length){\n\t\tvar map;\n\t\t map = new GMaps({\n\t\t\tel: '#map-location',\n\t\t\tzoom: 14,\n\t\t\tscrollwheel:false,\n\t\t\t\/\/Set Latitude and Longitude Here\n\t\t\tlat: 43.1028202,\n\t\t\tlng: 11.8492954\t\t  });\n\t\t  \n\t\t  \/\/Add map Marker\n\t\t  map.addMarker({\n\t\t\tlat: 43.1028202,\n\t\t\tlng: 11.8492954,\n\t\t\tinfoWindow: {\n\t\t\t  content: '<p style=\"text-align:center;\"><strong>La Casa della Querce<\/strong><br>Via di Setinaiola, 3 - Loc. Cervognano 53045 Montepulciano<\/p>'\n\t\t\t}\n\t\t \n\t\t});\n\t}\n\n<\/script>\n[\/vc_column][\/vc_row][vc_row][vc_column]\n<!--Contact Section-->\n    <section class=\"default-section faded-section contact-section\" style=\"background-image:url('https:\/\/www.lacasadellequerce.it\/wp-content\/uploads\/2015\/12\/footer.jpg');\">\n    \t<div class=\"auto-container\">\n        \t<div class=\"row clearfix\">\n            \t<!--Column-->\n                <div class=\"col-md-5 col-sm-12 col-xs-12 column\">\n                \t<h2>Contacts<\/h2>\n                    \n                \t<div class=\"desc-text\">\n                    \t<p><\/p>\n                    <\/div>\n                    <!--Contact Info-->\n                    <ul class=\"contact-info\">\n                    \t<li>\n                        \t<span class=\"icon flaticon-location74\"><\/span>\n                            <h3>Adresse<\/h3>\n\t\t\t\t\t\t\t<p>Via di Setinaiola, 3 - Loc. Cervognano 53045 Montepulciano (Siena) Toscana ItaliaCIN: IT052015B4P3Y9EY2J<\/p>\n\t\t\t\t\t\t<\/li>\n                        \n                        <li>\n                        \t<span class=\"icon flaticon-telephone51\"><\/span>\n                            <h3>T?l?phone<\/h3>\n\t\t\t\t\t\t\t<p>Tel. \/ Fax : +39 0578 767789 - Mob.: +39 335 6297787<\/p>\n\t\t\t\t\t\t<\/li>\n                        \n                        <li>\n                        \t<span class=\"icon flaticon-envelope126\"><\/span>\n                            <h3>Email<\/h3>\n\t\t\t\t\t\t\t<p>info@lacasadellequerce.it<\/p>\n\t\t\t\t\t\t<\/li>\n                    <\/ul>\n                <\/div>\n                \n                <!--Column-->\n                <div class=\"col-md-7 col-sm-12 col-xs-12 column\">\n                \t<h2>\u00c9crivez-nous<\/h2>\n                    <!--Contact Form-->\n                    <div class=\"contact-form\">\n                    \t<div role=\"form\" class=\"wpcf7\" id=\"wpcf7-f142-o4\" lang=\"en-US\" dir=\"ltr\">\n<div class=\"screen-reader-response\"><p role=\"status\" aria-live=\"polite\" aria-atomic=\"true\"><\/p> <ul><\/ul><\/div>\n<form action=\"\/fr\/wp-json\/wp\/v2\/pages\/6#wpcf7-f142-o4\" method=\"post\" class=\"wpcf7-form init\" novalidate=\"novalidate\" data-status=\"init\">\n<div style=\"display: none;\">\n<input type=\"hidden\" name=\"_wpcf7\" value=\"142\" \/>\n<input type=\"hidden\" name=\"_wpcf7_version\" value=\"5.3.2\" \/>\n<input type=\"hidden\" name=\"_wpcf7_locale\" value=\"en_US\" \/>\n<input type=\"hidden\" name=\"_wpcf7_unit_tag\" value=\"wpcf7-f142-o4\" \/>\n<input type=\"hidden\" name=\"_wpcf7_container_post\" value=\"0\" \/>\n<input type=\"hidden\" name=\"_wpcf7_posted_data_hash\" value=\"\" \/>\n<\/div>\n<div class=\"row clearfix\">\n<div class=\"col-md-6 col-sm-6 col-xs-12 form-group\">\n          <span class=\"wpcf7-form-control-wrap text-841\"><input type=\"text\" name=\"text-841\" value=\"\" size=\"40\" class=\"wpcf7-form-control wpcf7-text wpcf7-validates-as-required\" aria-required=\"true\" aria-invalid=\"false\" placeholder=\"Nom et pr\u00e9nom\" \/><\/span>\n     <\/div>\n<div class=\"col-md-6 col-sm-6 col-xs-12 form-group\">\n          <span class=\"wpcf7-form-control-wrap email-834\"><input type=\"email\" name=\"email-834\" value=\"\" size=\"40\" class=\"wpcf7-form-control wpcf7-text wpcf7-email wpcf7-validates-as-required wpcf7-validates-as-email\" aria-required=\"true\" aria-invalid=\"false\" placeholder=\"Email\" \/><\/span>\n     <\/div>\n<div class=\"col-md-12 col-sm-12 col-xs-12 form-group\">\n          <span class=\"wpcf7-form-control-wrap text-842\"><input type=\"text\" name=\"text-842\" value=\"\" size=\"40\" class=\"wpcf7-form-control wpcf7-text\" aria-invalid=\"false\" placeholder=\"Objet\" \/><\/span>\n     <\/div>\n<div class=\"col-md-12 col-sm-12 col-xs-12 form-group\">\n          <span class=\"wpcf7-form-control-wrap textarea-625\"><textarea name=\"textarea-625\" cols=\"40\" rows=\"10\" class=\"wpcf7-form-control wpcf7-textarea\" aria-invalid=\"false\" placeholder=\"Message\"><\/textarea><\/span>\n     <\/div>\n<p><span class=\"wpcf7-form-control-wrap acceptance-582\"><span class=\"wpcf7-form-control wpcf7-acceptance\"><span class=\"wpcf7-list-item\"><input type=\"checkbox\" name=\"acceptance-582\" value=\"1\" aria-invalid=\"false\" \/><\/span><\/span><\/span>  I declare that I have read the <a href=\"https:\/\/www.iubenda.com\/privacy-policy\/86333053\">Privacy Policy<\/a>, art. 13 dlg 196\/03 and accept the terms set forth therein. I therefore consent to the processing of my data.<\/p>\n<div class=\"col-md-12 col-sm-12 col-xs-12 form-group text-right\">\n          <input type=\"submit\" value=\"Soumettre\" class=\"wpcf7-form-control wpcf7-submit\" \/>\n     <\/div>\n<\/div>\n<div class=\"wpcf7-response-output\" aria-hidden=\"true\"><\/div><\/form><\/div>                    <\/div>\n                <\/div>\n            <\/div>\n            \n            <!--Separator-->\n            <div class=\"separator big-separator\"><\/div>\n           \n           <!--Footer Content-->\n            <div class=\"footer-content\">\n            \t\n                                    <!--Social Links-->\n                    <div class=\"social-links\">\n                                                    <a title=\"\" href=\"\"><span class=\"fa \"><\/span><\/a>\n                                            <\/div>\n                \n\t\t\t\t\n                <div class=\"copyright\">&copy; La Casa delle Querce Via di Setinaiola, 3 - Loc. Cervognano 53045 Montepulciano (Siena) Toscana Italia Tel. \/ Fax: +39 0578 767789 E-mail: info@lacasadellequerce.it P.IVA 09773141008 - CIN: IT052015B4P3Y9EY2J - Cookie Policy <\/div>\n            <\/div>\n           \n        <\/div>\n    <\/section>\n\n[\/vc_column][\/vc_row]<\/p>\n<p><\/p>","protected":false},"excerpt":{"rendered":"<p>[vc_row el_class=&#8221;main-slider&#8221;][vc_column][layerslider_vc id=&#8221;1&#8243;][vc_raw_html]JTNDJTIxLS0lMjBib29raW5nJTIwLS0lM0UlMEElM0NkaXYlMjBpZCUzRCUyMmJvb2tpbmctZm9ybSUyMiUzRSUzQ3NjcmlwdCUyMGNsYXNzJTNEJTIya2FzX29ubGluZV9yZWNlcHRpb24lMjIlMjBzcmMlM0QlMjJodHRwcyUzQSUyRiUyRnd1Ym9vay5uZXQlMkZqcyUyRm5lYmslMkZid2lkZ2V0LmpneiUyMiUyMGRhdGEtd2lkJTNEJTIyZTQzN2IxNWUtODFhMC00Y2UyLThhYzQtODYzYTc0ZjUyNGE5JTIyJTNFJTNDJTJGc2NyaXB0JTNFJTBBJTNDJTJGZGl2JTNFJTBB[\/vc_raw_html][\/vc_column][\/vc_row][vc_row css=&#8221;.vc_custom_1477311302939{margin-top: 0px !important;border-top-width: 0px !important;padding-top: 0px !important;}&#8221;][vc_column][vc_raw_html]JTNDZGl2JTIwY2xhc3MlM0QlMjJmaXZlLWNvbC10aGVtZSUyMiUzRSUwQSUyMCUyMCUyMCUyMCUyMCUyMCUyMCUyMCUyMCUyMCUyMCUyMCUyMCUyMCUyMCUyMCUzQ2RpdiUyMGNsYXNzJTNEJTIycm93JTIwY2xlYXJmaXglMjIlM0UlMEElMjAlMjAlMjAlMjAlMjAlMjAlMjAlMjAlMjAlMjAlMjAlMjAlMjAlMjAlMjAlMjAlMjAlMjAlMjAlMjAlMEElM0MlMjEtLUNvbHVtbi0tJTNFJTBBJTNDYXJ0aWNsZSUyMGNsYXNzJTNEJTIyY29sdW1uJTIyJTNFJTBBJTIwJTIwJTIwJTIwJTNDZGl2JTIwY2xhc3MlM0QlMjJpbm5lci1ib3glMjIlM0UlMEElMjAlMjAlMjAlMjAlMjAlMjAlMjAlMjAlM0NkaXYlMjBjbGFzcyUzRCUyMmljb24lMjIlM0UlM0NzcGFuJTIwY2xhc3MlM0QlMjJmbGF0aWNvbi1idWlsZGluZzEyMCUyMiUzRSUzQyUyRnNwYW4lM0UlM0MlMkZkaXYlM0UlMEElMjAlMjAlMjAlMjAlMjAlMjAlMjAlMjAlM0NoNCUyMGNsYXNzJTNEJTIydGl0bGUlMjIlM0UxMCUyMEFwcGFydGVtZW50cyUzQyUyRmg0JTNFJTBBJTIwJTIwJTIwJTIwJTIwJTIwJTIwJTIwJTNDaDMlMjBjbGFzcyUzRCUyMmNvdW50JTIyJTNFJTNDJTJGaDMlM0UlMEElMjAlMjAlMjAlMjAlM0MlMkZkaXYlM0UlMEElM0MlMkZhcnRpY2xlJTNFJTBBJTBBJTBBJTNDJTIxLS1Db2x1bW4tLSUzRSUwQSUzQ2FydGljbGUlMjBjbGFzcyUzRCUyMmNvbHVtbiUyMiUzRSUwQSUyMCUyMCUyMCUyMCUzQ2RpdiUyMGNsYXNzJTNEJTIyaW5uZXItYm94JTIyJTNFJTBBJTIwJTIwJTIwJTIwJTIwJTIwJTIwJTIwJTNDZGl2JTIwY2xhc3MlM0QlMjJpY29uJTIyJTNFJTNDaW1nJTIwc3R5bGUlM0QlMjJtYXgtd2lkdGglM0E2NnB4JTNCJTIwaGVpZ2h0JTNBYXV0byUyMiUyMHNyYyUzRCUyMmh0dHAlM0ElMkYlMkZ3d3cubGFjYXNhZGVsbGVxdWVyY2UuaXQlMkZ3cC1jb250ZW50JTJGdXBsb2FkcyUyRjIwMTYlMkYxMiUyRnBpc2NpbmEuanBnJTIyJTNFJTNDJTJGZGl2JTNFJTBBJTIwJTIwJTIwJTIwJTIwJTIwJTIwJTIwJTNDaDQlMjBjbGFzcyUzRCUyMnRpdGxlJTIyJTNFUGlzY2luZSUzQyUyRmg0JTNFJTBBJTIwJTIwJTIwJTIwJTIwJTIwJTIwJTIwJTNDaDMlMjBjbGFzcyUzRCUyMmNvdW50JTIyJTNFJTNDJTJGaDMlM0UlMEElMjAlMjAlMjAlMjAlM0MlMkZkaXYlM0UlMEElM0MlMkZhcnRpY2xlJTNFJTBBJTBBJTBBJTNDJTIxLS1Db2x1bW4tLSUzRSUwQSUzQ2FydGljbGUlMjBjbGFzcyUzRCUyMmNvbHVtbiUyMiUzRSUwQSUyMCUyMCUyMCUyMCUzQ2RpdiUyMGNsYXNzJTNEJTIyaW5uZXItYm94JTIyJTNFJTBBJTIwJTIwJTIwJTIwJTIwJTIwJTIwJTIwJTNDZGl2JTIwY2xhc3MlM0QlMjJpY29uJTIyJTNFJTNDc3BhbiUyMGNsYXNzJTNEJTIyZmElMjBmYS1tb2JpbGUlMjIlM0UlM0MlMkZzcGFuJTNFJTNDJTJGZGl2JTNFJTBBJTIwJTIwJTIwJTIwJTIwJTIwJTIwJTIwJTNDaDQlMjBjbGFzcyUzRCUyMnRpdGxlJTIyJTNFV2ktRmklM0MlMkZoNCUzRSUwQSUyMCUyMCUyMCUyMCUyMCUyMCUyMCUyMCUzQ2gzJTIwY2xhc3MlM0QlMjJjb3VudCUyMiUzRSUzQyUyRmgzJTNFJTBBJTIwJTIwJTIwJTIwJTNDJTJGZGl2JTNFJTBBJTNDJTJGYXJ0aWNsZSUzRSUwQSUwQSUwQSUzQyUyMS0tQ29sdW1uLS0lM0UlMEElM0NhcnRpY2xlJTIwY2xhc3MlM0QlMjJjb2x1bW4lMjIlM0UlMEElMjAlMjAlMjAlMjAlM0NkaXYlMjBjbGFzcyUzRCUyMmlubmVyLWJveCUyMiUzRSUwQSUyMCUyMCUyMCUyMCUyMCUyMCUyMCUyMCUzQ2RpdiUyMGNsYXNzJTNEJTIyaWNvbiUyMiUzRSUzQ3NwYW4lMjBjbGFzcyUzRCUyMmZsYXRpY29uLWNhcnBhcmtpbmclMjIlM0UlM0MlMkZzcGFuJTNFJTNDJTJGZGl2JTNFJTBBJTIwJTIwJTIwJTIwJTIwJTIwJTIwJTIwJTNDaDQlMjBjbGFzcyUzRCUyMnRpdGxlJTIyJTNFUGFya2luZyUzQyUyRmg0JTNFJTBBJTIwJTIwJTIwJTIwJTIwJTIwJTIwJTIwJTNDaDMlMjBjbGFzcyUzRCUyMmNvdW50JTIyJTNFJTNDJTJGaDMlM0UlMEElMjAlMjAlMjAlMjAlM0MlMkZkaXYlM0UlMEElM0MlMkZhcnRpY2xlJTNFJTBBJTBBJTBBJTNDJTIxLS1Db2x1bW4tLSUzRSUwQSUzQ2FydGljbGUlMjBjbGFzcyUzRCUyMmNvbHVtbiUyMiUzRSUwQSUyMCUyMCUyMCUyMCUzQ2RpdiUyMGNsYXNzJTNEJTIyaW5uZXItYm94JTIyJTNFJTBBJTIwJTIwJTIwJTIwJTIwJTIwJTIwJTIwJTNDZGl2JTIwY2xhc3MlM0QlMjJpY29uJTIyJTNFJTNDc3BhbiUyMGNsYXNzJTNEJTIyZmxhdGljb24taGVyYmFsMSUyMiUzRSUzQyUyRnNwYW4lM0UlM0MlMkZkaXYlM0UlMEElMjAlMjAlMjAlMjAlMjAlMjAlMjAlMjAlM0NoNCUyMGNsYXNzJTNEJTIydGl0bGUlMjIlM0VKYXJkaW4lM0MlMkZoNCUzRSUwQSUyMCUyMCUyMCUyMCUyMCUyMCUyMCUyMCUzQ2gzJTIwY2xhc3MlM0QlMjJjb3VudCUyMiUzRSUzQyUyRmgzJTNFJTBBJTIwJTIwJTIwJTIwJTNDJTJGZGl2JTNFJTBBJTNDJTJGYXJ0aWNsZSUzRSUwQSUwQSUyMCUyMCUyMCUyMCUyMCUyMCUyMCUyMCUyMCUyMCUyMCUyMCUyMCUyMCUyMCUyMCUzQyUyRmRpdiUzRSUwQSUyMCUyMCUyMCUyMCUyMCUyMCUyMCUyMCUyMCUyMCUyMCUyMCUzQyUyRmRpdiUzRQ==[\/vc_raw_html][\/vc_column][\/vc_row][vc_row][vc_column][\/vc_column][\/vc_row][vc_row][vc_column][\/vc_column][\/vc_row]<\/p>\n","protected":false},"author":1,"featured_media":0,"parent":0,"menu_order":0,"comment_status":"open","ping_status":"closed","template":"tpl-visual_composer.php","meta":[],"_links":{"self":[{"href":"https:\/\/www.lacasadellequerce.it\/fr\/wp-json\/wp\/v2\/pages\/6"}],"collection":[{"href":"https:\/\/www.lacasadellequerce.it\/fr\/wp-json\/wp\/v2\/pages"}],"about":[{"href":"https:\/\/www.lacasadellequerce.it\/fr\/wp-json\/wp\/v2\/types\/page"}],"author":[{"embeddable":true,"href":"https:\/\/www.lacasadellequerce.it\/fr\/wp-json\/wp\/v2\/users\/1"}],"replies":[{"embeddable":true,"href":"https:\/\/www.lacasadellequerce.it\/fr\/wp-json\/wp\/v2\/comments?post=6"}],"version-history":[{"count":102,"href":"https:\/\/www.lacasadellequerce.it\/fr\/wp-json\/wp\/v2\/pages\/6\/revisions"}],"predecessor-version":[{"id":1203,"href":"https:\/\/www.lacasadellequerce.it\/fr\/wp-json\/wp\/v2\/pages\/6\/revisions\/1203"}],"wp:attachment":[{"href":"https:\/\/www.lacasadellequerce.it\/fr\/wp-json\/wp\/v2\/media?parent=6"}],"curies":[{"name":"wp","href":"https:\/\/api.w.org\/{rel}","templated":true}]}}