{"id":619,"date":"2016-11-05T11:21:30","date_gmt":"2016-11-05T10:21:30","guid":{"rendered":"http:\/\/www.lacasadellequerce.it\/it\/?page_id=619"},"modified":"2017-03-03T18:18:21","modified_gmt":"2017-03-03T17:18:21","slug":"dove-siamo","status":"publish","type":"page","link":"https:\/\/www.lacasadellequerce.it\/fr\/localisation.html","title":{"rendered":"Localisation"},"content":{"rendered":"<p>[vc_row][vc_column][vc_raw_html]JTNDZGl2JTIwY2xhc3MlM0QlMjJzZWMtdGl0bGUlMjIlM0UlMEElMjAlMjAlMjAlMjAlMjAlMjAlMjAlMjAlMjAlMjAlMjAlMjAlMjAlMjAlMjAlMjAlM0NoMiUzRUxvY2FsaXNhdGlvbiUzQ3NwYW4lMjBjbGFzcyUzRCUyMnRoZW1lX2NvbG9yJTIyJTNFJTNDJTJGc3BhbiUzRSUzQyUyRmgyJTNFJTBBJTIwJTIwJTIwJTIwJTIwJTIwJTIwJTIwJTIwJTIwJTIwJTIwJTIwJTIwJTIwJTIwJTNDZGl2JTIwY2xhc3MlM0QlMjJzZXBhcmF0b3IlMjBzbWFsbC1zZXBhcmF0b3IlMjIlM0UlM0MlMkZkaXYlM0UlMEElMjAlMjAlMjAlMjAlMjAlMjAlMjAlMjAlMjAlMjAlMjAlMjAlMjAlMjAlMjAlMjAlM0NkaXYlMjBjbGFzcyUzRCUyMnRleHQlMjIlM0UlM0NwJTNFQ29vcmRpbmF0ZSUyMFNhdGVsbGl0YXJpJTNBJTIwTGF0aXR1ZGluZSUyMDQzLjEwMzE4MzclMjAlMkYlMjBMb25naXR1ZGluZSUyMDExLjg1MDkwMDAlMjAlM0MlMkZwJTNFJTNDJTJGZGl2JTNFJTBBJTIwJTIwJTIwJTIwJTIwJTIwJTIwJTIwJTIwJTIwJTIwJTIwJTNDJTJGZGl2JTNF[\/vc_raw_html][\/vc_column][\/vc_row][vc_row][vc_column width=&#8221;1\/2&#8243;][vc_column_text]<\/p>\n<div class=\"col-sx\">\n<h4>Par le Nord<\/h4>\n<p>Sortie d&#8217;autoroute A1: Bettolle &#8211; Valdichiana.<br \/>\nContinuer direction <b>Torrita di Siena<\/b>, puis direction Chiusi (Via Nottola).<br \/>\nA l&#8217;intersection de la via Nottola, tourner \u00e0 gauche direction <b>Aquaviva<\/b>.<br \/>\nUne fois \u00e0 Aquaviva, tourner \u00e0 droite sur la rue delle Vecchie Mura.<br \/>\nContinuer sur 2 kilom\u00e8tres puis tourner \u00e0 gauche direction <b>&#8220;La Casa delle Querce&#8221;<\/b>.<\/p>\n<\/div>\n<p>[\/vc_column_text][\/vc_column][vc_column width=&#8221;1\/2&#8243;][vc_column_text]<\/p>\n<div class=\"col-dx\">\n<h4>Par le Sud<\/h4>\n<p>Sortie d&#8217;autoroute A1: Chiusi &#8211; Chianciano Terme.<br \/>\nPrendre \u00e0 droite direction <b>Chiusi<\/b>, puis tourner \u00e0 gauche apr\u00e8s 3 kilom\u00e8tres direction aquaviva, 15 kilom\u00e8tres environ.<br \/>\nUne fois arriv\u00e9s \u00e0 <b>Aquaviva<\/b>, prendre \u00e0 gauche la rue delle Vecchie Mura.<br \/>\nContinuer sur 2 kilom\u00e8tres puis tourner \u00e0 gauche direction <b>&#8220;La Casa delle Querce&#8221;<\/b>.<\/p>\n<\/div>\n<p>[\/vc_column_text][\/vc_column][\/vc_row][vc_row][vc_column][vc_gmaps link=&#8221;#E-8_JTNDaWZyYW1lJTIwc3JjJTNEJTIyaHR0cHMlM0ElMkYlMkZ3d3cuZ29vZ2xlLmNvbSUyRm1hcHMlMkZlbWJlZCUzRnBiJTNEJTIxMW0xNCUyMTFtOCUyMTFtMyUyMTFkNzgzODkuODcyMTk4MDcyMzYlMjEyZDExLjgyNzYzNDc5NzA4MDUwMyUyMTNkNDMuMTAwNzA5ODA5NDQ0ODYlMjEzbTIlMjExaTEwMjQlMjEyaTc2OCUyMTRmMTMuMSUyMTNtMyUyMTFtMiUyMTFzMHgwJTI1M0EweDkxNzMxZTZjOGIzOTM5ZDglMjEyc0xhJTJCQ2FzYSUyQmRlbGxlJTJCUXVlcmNlJTIxNWUwJTIxM20yJTIxMXNpdCUyMTJzaXQlMjE0djE0NzgzNDE0NDM2MjAlMjIlMjB3aWR0aCUzRCUyMjYwMCUyMiUyMGhlaWdodCUzRCUyMjQ1MCUyMiUyMGZyYW1lYm9yZGVyJTNEJTIyMCUyMiUyMHN0eWxlJTNEJTIyYm9yZGVyJTNBMCUyMiUyMGFsbG93ZnVsbHNjcmVlbiUzRSUzQyUyRmlmcmFtZSUzRQ==&#8221;][\/vc_column][\/vc_row][vc_row][vc_column width=&#8221;1\/2&#8243;][vc_column_text]<\/p>\n<div class=\"col-sx\">\n<h4>Position<\/h4>\n<p><b>&#8220;La Casa delle Querce&#8221;<\/b> est le point de d\u00e9part id\u00e9al de vos itin\u00e9raires artistiques, naturalistes, oenologiaues et gastronomiques, aussi bien en Toscane qu&#8217;en Ombrie.<br \/>\nLa proximit\u00e9 avec le r\u00e9seau ferroviaire permet \u00e9galement de se d\u00e9placer ais\u00e9ment en train.<\/p>\n<\/div>\n<p>[\/vc_column_text][\/vc_column][vc_column width=&#8221;1\/2&#8243;][vc_column_text]<\/p>\n<div class=\"col-dx\">\n<h4>Quelques distances<\/h4>\n<p><strong>Montepulciano<\/strong> 5 km, <strong>Pienza<\/strong> 18 km, <strong>Chiusi<\/strong> 18 km, <strong>Cortona<\/strong> 20 km, <strong>Lago Trasimeno<\/strong> 20 km, <strong>Montalcino<\/strong> 40 km, <strong>Monte Amiata<\/strong> 45 km, <strong>Arezzo<\/strong> 50 km, <strong>Siena<\/strong> 60 km, <strong>Perugia<\/strong> 60 km, <strong>Orvieto<\/strong> 65 km, <strong>Assisi<\/strong> 80 km, <strong>Todi<\/strong> 80 km, <strong>Firenze<\/strong> 110 km, <strong>Roma<\/strong> 170 km.<\/p>\n<\/div>\n<p>[\/vc_column_text][\/vc_column][\/vc_row]<\/p>","protected":false},"excerpt":{"rendered":"<p>[vc_row][vc_column][vc_raw_html]JTNDZGl2JTIwY2xhc3MlM0QlMjJzZWMtdGl0bGUlMjIlM0UlMEElMjAlMjAlMjAlMjAlMjAlMjAlMjAlMjAlMjAlMjAlMjAlMjAlMjAlMjAlMjAlMjAlM0NoMiUzRUxvY2FsaXNhdGlvbiUzQ3NwYW4lMjBjbGFzcyUzRCUyMnRoZW1lX2NvbG9yJTIyJTNFJTNDJTJGc3BhbiUzRSUzQyUyRmgyJTNFJTBBJTIwJTIwJTIwJTIwJTIwJTIwJTIwJTIwJTIwJTIwJTIwJTIwJTIwJTIwJTIwJTIwJTNDZGl2JTIwY2xhc3MlM0QlMjJzZXBhcmF0b3IlMjBzbWFsbC1zZXBhcmF0b3IlMjIlM0UlM0MlMkZkaXYlM0UlMEElMjAlMjAlMjAlMjAlMjAlMjAlMjAlMjAlMjAlMjAlMjAlMjAlMjAlMjAlMjAlMjAlM0NkaXYlMjBjbGFzcyUzRCUyMnRleHQlMjIlM0UlM0NwJTNFQ29vcmRpbmF0ZSUyMFNhdGVsbGl0YXJpJTNBJTIwTGF0aXR1ZGluZSUyMDQzLjEwMzE4MzclMjAlMkYlMjBMb25naXR1ZGluZSUyMDExLjg1MDkwMDAlMjAlM0MlMkZwJTNFJTNDJTJGZGl2JTNFJTBBJTIwJTIwJTIwJTIwJTIwJTIwJTIwJTIwJTIwJTIwJTIwJTIwJTNDJTJGZGl2JTNF[\/vc_raw_html][\/vc_column][\/vc_row][vc_row][vc_column width=&#8221;1\/2&#8243;][vc_column_text] Par le Nord Sortie d&#8217;autoroute A1: Bettolle &#8211; Valdichiana. Continuer direction Torrita di Siena, puis direction Chiusi (Via Nottola). A l&#8217;intersection de la via Nottola, tourner \u00e0 gauche direction Aquaviva. Une fois \u00e0 Aquaviva, tourner \u00e0 droite sur la rue delle Vecchie Mura. Continuer sur 2 kilom\u00e8tres puis tourner \u00e0 gauche direction &#8220;La<\/p>\n","protected":false},"author":1,"featured_media":0,"parent":0,"menu_order":0,"comment_status":"open","ping_status":"closed","template":"","meta":[],"_links":{"self":[{"href":"https:\/\/www.lacasadellequerce.it\/fr\/wp-json\/wp\/v2\/pages\/619"}],"collection":[{"href":"https:\/\/www.lacasadellequerce.it\/fr\/wp-json\/wp\/v2\/pages"}],"about":[{"href":"https:\/\/www.lacasadellequerce.it\/fr\/wp-json\/wp\/v2\/types\/page"}],"author":[{"embeddable":true,"href":"https:\/\/www.lacasadellequerce.it\/fr\/wp-json\/wp\/v2\/users\/1"}],"replies":[{"embeddable":true,"href":"https:\/\/www.lacasadellequerce.it\/fr\/wp-json\/wp\/v2\/comments?post=619"}],"version-history":[{"count":27,"href":"https:\/\/www.lacasadellequerce.it\/fr\/wp-json\/wp\/v2\/pages\/619\/revisions"}],"predecessor-version":[{"id":1002,"href":"https:\/\/www.lacasadellequerce.it\/fr\/wp-json\/wp\/v2\/pages\/619\/revisions\/1002"}],"wp:attachment":[{"href":"https:\/\/www.lacasadellequerce.it\/fr\/wp-json\/wp\/v2\/media?parent=619"}],"curies":[{"name":"wp","href":"https:\/\/api.w.org\/{rel}","templated":true}]}}