{"id":762,"date":"2016-12-13T11:52:16","date_gmt":"2016-12-13T10:52:16","guid":{"rendered":"http:\/\/www.lacasadellequerce.it\/it\/?page_id=762"},"modified":"2016-12-13T11:52:49","modified_gmt":"2016-12-13T10:52:49","slug":"test","status":"publish","type":"page","link":"https:\/\/www.lacasadellequerce.it\/pl\/italiano-test.html","title":{"rendered":"(Italiano) test"},"content":{"rendered":"<p class=\"qtranxs-available-languages-message qtranxs-available-languages-message-pl\">Przepraszamy, ten wpis jest dost\u0119pny tylko w j\u0119zyku <a href=\"https:\/\/www.lacasadellequerce.it\/it\/wp-json\/wp\/v2\/pages\/762\" class=\"qtranxs-available-language-link qtranxs-available-language-link-it\" title=\"Italiano\">W\u0142oski<\/a>.<\/p>","protected":false},"excerpt":{"rendered":"<p>Przepraszamy, ten wpis jest dost\u0119pny tylko w j\u0119zyku W\u0142oski.<\/p>\n","protected":false},"author":1,"featured_media":0,"parent":0,"menu_order":0,"comment_status":"open","ping_status":"closed","template":"","meta":[],"_links":{"self":[{"href":"https:\/\/www.lacasadellequerce.it\/pl\/wp-json\/wp\/v2\/pages\/762"}],"collection":[{"href":"https:\/\/www.lacasadellequerce.it\/pl\/wp-json\/wp\/v2\/pages"}],"about":[{"href":"https:\/\/www.lacasadellequerce.it\/pl\/wp-json\/wp\/v2\/types\/page"}],"author":[{"embeddable":true,"href":"https:\/\/www.lacasadellequerce.it\/pl\/wp-json\/wp\/v2\/users\/1"}],"replies":[{"embeddable":true,"href":"https:\/\/www.lacasadellequerce.it\/pl\/wp-json\/wp\/v2\/comments?post=762"}],"version-history":[{"count":2,"href":"https:\/\/www.lacasadellequerce.it\/pl\/wp-json\/wp\/v2\/pages\/762\/revisions"}],"predecessor-version":[{"id":764,"href":"https:\/\/www.lacasadellequerce.it\/pl\/wp-json\/wp\/v2\/pages\/762\/revisions\/764"}],"wp:attachment":[{"href":"https:\/\/www.lacasadellequerce.it\/pl\/wp-json\/wp\/v2\/media?parent=762"}],"curies":[{"name":"wp","href":"https:\/\/api.w.org\/{rel}","templated":true}]}}